{"id":670,"date":"2026-03-13T16:50:53","date_gmt":"2026-03-13T16:50:53","guid":{"rendered":"https:\/\/gramposfera.com.br\/?page_id=670"},"modified":"2026-03-13T16:52:59","modified_gmt":"2026-03-13T16:52:59","slug":"politica-de-qualidade","status":"publish","type":"page","link":"https:\/\/gramposfera.com.br\/es\/politica-de-qualidade\/","title":{"rendered":"Pol\u00edtica de Qualidade"},"content":{"rendered":"<div data-elementor-type=\"wp-page\" data-elementor-id=\"670\" class=\"elementor elementor-670\" data-elementor-post-type=\"page\">\n\t\t\t\t\t\t<section class=\"elementor-section elementor-top-section elementor-element elementor-element-f7fd171 elementor-section-boxed elementor-section-height-default elementor-section-height-default\" data-id=\"f7fd171\" data-element_type=\"section\" data-e-type=\"section\">\n\t\t\t\t\t\t<div class=\"elementor-container elementor-column-gap-default\">\n\t\t\t\t\t<div class=\"elementor-column elementor-col-100 elementor-top-column elementor-element elementor-element-4162f2d\" data-id=\"4162f2d\" data-element_type=\"column\" data-e-type=\"column\">\n\t\t\t<div class=\"elementor-widget-wrap elementor-element-populated\">\n\t\t\t\t\t\t<div class=\"elementor-element elementor-element-d1fe938 elementor-widget elementor-widget-heading\" data-id=\"d1fe938\" data-element_type=\"widget\" data-e-type=\"widget\" data-widget_type=\"heading.default\">\n\t\t\t\t<div class=\"elementor-widget-container\">\n\t\t\t\t\t<h1 class=\"elementor-heading-title elementor-size-default\">Pol\u00edtica de Qualidade<\/h1>\t\t\t\t<\/div>\n\t\t\t\t<\/div>\n\t\t\t\t<div class=\"elementor-element elementor-element-c296f6b elementor-widget elementor-widget-text-editor\" data-id=\"c296f6b\" data-element_type=\"widget\" data-e-type=\"widget\" data-widget_type=\"text-editor.default\">\n\t\t\t\t<div class=\"elementor-widget-container\">\n\t\t\t\t\t\t\t\t\t<p>1- Produzir emendas mec\u00e2nicas para correias transportadoras com qualidade, buscando excel\u00eancia em seu fornecimento.<br \/>2- Fornecer atendimento as partes interessadas, superando a expectativa dos clientes, ofertando produtos de qualidade que atenda aos requisitos aplic\u00e1veis.<br \/>3- Obter e manter a parceria com Clientes e Fornecedores, cumprindo os contratos com responsabilidade e benef\u00edcio m\u00fatuo para ambas as partes.<br \/>4- Reter profissionais comprometidos e contribuir com o seu desenvolvimento para sua qualifica\u00e7\u00e3o, para os que buscam a excel\u00eancia em suas atividades di\u00e1rias.<br \/>5- Manter a filosofia da melhoria cont\u00ednua para nossos processos internos e produtos, sempre priorizando pela qualidade dos mesmos.<\/p>\t\t\t\t\t\t\t\t<\/div>\n\t\t\t\t<\/div>\n\t\t\t\t<div class=\"elementor-element elementor-element-618c646 elementor-widget elementor-widget-text-editor\" data-id=\"618c646\" data-element_type=\"widget\" data-e-type=\"widget\" data-widget_type=\"text-editor.default\">\n\t\t\t\t<div class=\"elementor-widget-container\">\n\t\t\t\t\t\t\t\t\t<p>DIRE\u00c7\u00c3O<\/p>\t\t\t\t\t\t\t\t<\/div>\n\t\t\t\t<\/div>\n\t\t\t\t<section class=\"elementor-section elementor-inner-section elementor-element elementor-element-af93f5f elementor-section-boxed elementor-section-height-default elementor-section-height-default\" data-id=\"af93f5f\" data-element_type=\"section\" data-e-type=\"section\">\n\t\t\t\t\t\t<div class=\"elementor-container elementor-column-gap-default\">\n\t\t\t\t\t<div class=\"elementor-column elementor-col-50 elementor-inner-column elementor-element elementor-element-69d5e57\" data-id=\"69d5e57\" data-element_type=\"column\" data-e-type=\"column\">\n\t\t\t<div class=\"elementor-widget-wrap\">\n\t\t\t\t\t\t\t<\/div>\n\t\t<\/div>\n\t\t\t\t<div class=\"elementor-column elementor-col-50 elementor-inner-column elementor-element elementor-element-122998a\" data-id=\"122998a\" data-element_type=\"column\" data-e-type=\"column\">\n\t\t\t<div class=\"elementor-widget-wrap\">\n\t\t\t\t\t\t\t<\/div>\n\t\t<\/div>\n\t\t\t\t\t<\/div>\n\t\t<\/section>\n\t\t\t\t\t<\/div>\n\t\t<\/div>\n\t\t\t\t\t<\/div>\n\t\t<\/section>\n\t\t\t\t<\/div>","protected":false},"excerpt":{"rendered":"<p>Pol\u00edtica de Qualidade 1- Produzir emendas mec\u00e2nicas para correias transportadoras com qualidade, buscando excel\u00eancia em seu fornecimento.2- Fornecer atendimento as partes interessadas, superando a expectativa dos clientes, ofertando produtos de qualidade que atenda aos requisitos aplic\u00e1veis.3- Obter e manter a parceria com Clientes e Fornecedores, cumprindo os contratos com responsabilidade e benef\u00edcio m\u00fatuo para ambas [&hellip;]<\/p>","protected":false},"author":4,"featured_media":0,"parent":0,"menu_order":0,"comment_status":"closed","ping_status":"closed","template":"elementor_header_footer","meta":{"footnotes":""},"class_list":["post-670","page","type-page","status-publish","hentry"],"yoast_head":"<!-- This site is optimized with the Yoast SEO plugin v27.4 - https:\/\/yoast.com\/product\/yoast-seo-wordpress\/ -->\n<title>Pol\u00edtica de Qualidade - Grampos Fera<\/title>\n<meta name=\"robots\" content=\"index, follow, max-snippet:-1, max-image-preview:large, max-video-preview:-1\" \/>\n<link rel=\"canonical\" href=\"https:\/\/gramposfera.com.br\/es\/politica-de-qualidade\/\" \/>\n<meta property=\"og:locale\" content=\"es_ES\" \/>\n<meta property=\"og:type\" content=\"article\" \/>\n<meta property=\"og:title\" content=\"Pol\u00edtica de Qualidade - Grampos Fera\" \/>\n<meta property=\"og:description\" content=\"Pol\u00edtica de Qualidade 1- Produzir emendas mec\u00e2nicas para correias transportadoras com qualidade, buscando excel\u00eancia em seu fornecimento.2- Fornecer atendimento as partes interessadas, superando a expectativa dos clientes, ofertando produtos de qualidade que atenda aos requisitos aplic\u00e1veis.3- Obter e manter a parceria com Clientes e Fornecedores, cumprindo os contratos com responsabilidade e benef\u00edcio m\u00fatuo para ambas [&hellip;]\" \/>\n<meta property=\"og:url\" content=\"https:\/\/gramposfera.com.br\/es\/politica-de-qualidade\/\" \/>\n<meta property=\"og:site_name\" content=\"Grampos Fera\" \/>\n<meta property=\"article:modified_time\" content=\"2026-03-13T16:52:59+00:00\" \/>\n<meta name=\"twitter:card\" content=\"summary_large_image\" \/>\n<meta name=\"twitter:label1\" content=\"Tiempo de lectura\" \/>\n\t<meta name=\"twitter:data1\" content=\"1 minuto\" \/>\n<script type=\"application\/ld+json\" class=\"yoast-schema-graph\">{\"@context\":\"https:\\\/\\\/schema.org\",\"@graph\":[{\"@type\":\"WebPage\",\"@id\":\"https:\\\/\\\/gramposfera.com.br\\\/politica-de-qualidade\\\/\",\"url\":\"https:\\\/\\\/gramposfera.com.br\\\/politica-de-qualidade\\\/\",\"name\":\"Pol\u00edtica de Qualidade - Grampos Fera\",\"isPartOf\":{\"@id\":\"https:\\\/\\\/gramposfera.com.br\\\/#website\"},\"datePublished\":\"2026-03-13T16:50:53+00:00\",\"dateModified\":\"2026-03-13T16:52:59+00:00\",\"breadcrumb\":{\"@id\":\"https:\\\/\\\/gramposfera.com.br\\\/politica-de-qualidade\\\/#breadcrumb\"},\"inLanguage\":\"es\",\"potentialAction\":[{\"@type\":\"ReadAction\",\"target\":[\"https:\\\/\\\/gramposfera.com.br\\\/politica-de-qualidade\\\/\"]}]},{\"@type\":\"BreadcrumbList\",\"@id\":\"https:\\\/\\\/gramposfera.com.br\\\/politica-de-qualidade\\\/#breadcrumb\",\"itemListElement\":[{\"@type\":\"ListItem\",\"position\":1,\"name\":\"Home\",\"item\":\"https:\\\/\\\/gramposfera.com.br\\\/\"},{\"@type\":\"ListItem\",\"position\":2,\"name\":\"Pol\u00edtica de Qualidade\"}]},{\"@type\":\"WebSite\",\"@id\":\"https:\\\/\\\/gramposfera.com.br\\\/#website\",\"url\":\"https:\\\/\\\/gramposfera.com.br\\\/\",\"name\":\"Grampos Fera\",\"description\":\"Grampos Fera: 30 anos de qualidade em grampos industriais com pronta entrega e tecnologia de ponta.\",\"publisher\":{\"@id\":\"https:\\\/\\\/gramposfera.com.br\\\/#organization\"},\"potentialAction\":[{\"@type\":\"SearchAction\",\"target\":{\"@type\":\"EntryPoint\",\"urlTemplate\":\"https:\\\/\\\/gramposfera.com.br\\\/?s={search_term_string}\"},\"query-input\":{\"@type\":\"PropertyValueSpecification\",\"valueRequired\":true,\"valueName\":\"search_term_string\"}}],\"inLanguage\":\"es\"},{\"@type\":\"Organization\",\"@id\":\"https:\\\/\\\/gramposfera.com.br\\\/#organization\",\"name\":\"Grampos Fera\",\"url\":\"https:\\\/\\\/gramposfera.com.br\\\/\",\"logo\":{\"@type\":\"ImageObject\",\"inLanguage\":\"es\",\"@id\":\"https:\\\/\\\/gramposfera.com.br\\\/#\\\/schema\\\/logo\\\/image\\\/\",\"url\":\"https:\\\/\\\/gramposfera.com.br\\\/wp-content\\\/uploads\\\/2022\\\/11\\\/logo-grampos.webp\",\"contentUrl\":\"https:\\\/\\\/gramposfera.com.br\\\/wp-content\\\/uploads\\\/2022\\\/11\\\/logo-grampos.webp\",\"width\":99,\"height\":70,\"caption\":\"Grampos Fera\"},\"image\":{\"@id\":\"https:\\\/\\\/gramposfera.com.br\\\/#\\\/schema\\\/logo\\\/image\\\/\"}}]}<\/script>\n<!-- \/ Yoast SEO plugin. -->","yoast_head_json":{"title":"Pol\u00edtica de Qualidade - Grampos Fera","robots":{"index":"index","follow":"follow","max-snippet":"max-snippet:-1","max-image-preview":"max-image-preview:large","max-video-preview":"max-video-preview:-1"},"canonical":"https:\/\/gramposfera.com.br\/es\/politica-de-qualidade\/","og_locale":"es_ES","og_type":"article","og_title":"Pol\u00edtica de Qualidade - Grampos Fera","og_description":"Pol\u00edtica de Qualidade 1- Produzir emendas mec\u00e2nicas para correias transportadoras com qualidade, buscando excel\u00eancia em seu fornecimento.2- Fornecer atendimento as partes interessadas, superando a expectativa dos clientes, ofertando produtos de qualidade que atenda aos requisitos aplic\u00e1veis.3- Obter e manter a parceria com Clientes e Fornecedores, cumprindo os contratos com responsabilidade e benef\u00edcio m\u00fatuo para ambas [&hellip;]","og_url":"https:\/\/gramposfera.com.br\/es\/politica-de-qualidade\/","og_site_name":"Grampos Fera","article_modified_time":"2026-03-13T16:52:59+00:00","twitter_card":"summary_large_image","twitter_misc":{"Tiempo de lectura":"1 minuto"},"schema":{"@context":"https:\/\/schema.org","@graph":[{"@type":"WebPage","@id":"https:\/\/gramposfera.com.br\/politica-de-qualidade\/","url":"https:\/\/gramposfera.com.br\/politica-de-qualidade\/","name":"Pol\u00edtica de Qualidade - Grampos Fera","isPartOf":{"@id":"https:\/\/gramposfera.com.br\/#website"},"datePublished":"2026-03-13T16:50:53+00:00","dateModified":"2026-03-13T16:52:59+00:00","breadcrumb":{"@id":"https:\/\/gramposfera.com.br\/politica-de-qualidade\/#breadcrumb"},"inLanguage":"es","potentialAction":[{"@type":"ReadAction","target":["https:\/\/gramposfera.com.br\/politica-de-qualidade\/"]}]},{"@type":"BreadcrumbList","@id":"https:\/\/gramposfera.com.br\/politica-de-qualidade\/#breadcrumb","itemListElement":[{"@type":"ListItem","position":1,"name":"Home","item":"https:\/\/gramposfera.com.br\/"},{"@type":"ListItem","position":2,"name":"Pol\u00edtica de Qualidade"}]},{"@type":"WebSite","@id":"https:\/\/gramposfera.com.br\/#website","url":"https:\/\/gramposfera.com.br\/","name":"Grampos Fera","description":"Grampos Fera: 30 anos de qualidade em grampos industriais com pronta entrega e tecnologia de ponta.","publisher":{"@id":"https:\/\/gramposfera.com.br\/#organization"},"potentialAction":[{"@type":"SearchAction","target":{"@type":"EntryPoint","urlTemplate":"https:\/\/gramposfera.com.br\/?s={search_term_string}"},"query-input":{"@type":"PropertyValueSpecification","valueRequired":true,"valueName":"search_term_string"}}],"inLanguage":"es"},{"@type":"Organization","@id":"https:\/\/gramposfera.com.br\/#organization","name":"Grampos Fera","url":"https:\/\/gramposfera.com.br\/","logo":{"@type":"ImageObject","inLanguage":"es","@id":"https:\/\/gramposfera.com.br\/#\/schema\/logo\/image\/","url":"https:\/\/gramposfera.com.br\/wp-content\/uploads\/2022\/11\/logo-grampos.webp","contentUrl":"https:\/\/gramposfera.com.br\/wp-content\/uploads\/2022\/11\/logo-grampos.webp","width":99,"height":70,"caption":"Grampos Fera"},"image":{"@id":"https:\/\/gramposfera.com.br\/#\/schema\/logo\/image\/"}}]}},"_links":{"self":[{"href":"https:\/\/gramposfera.com.br\/es\/wp-json\/wp\/v2\/pages\/670","targetHints":{"allow":["GET"]}}],"collection":[{"href":"https:\/\/gramposfera.com.br\/es\/wp-json\/wp\/v2\/pages"}],"about":[{"href":"https:\/\/gramposfera.com.br\/es\/wp-json\/wp\/v2\/types\/page"}],"author":[{"embeddable":true,"href":"https:\/\/gramposfera.com.br\/es\/wp-json\/wp\/v2\/users\/4"}],"replies":[{"embeddable":true,"href":"https:\/\/gramposfera.com.br\/es\/wp-json\/wp\/v2\/comments?post=670"}],"version-history":[{"count":4,"href":"https:\/\/gramposfera.com.br\/es\/wp-json\/wp\/v2\/pages\/670\/revisions"}],"predecessor-version":[{"id":675,"href":"https:\/\/gramposfera.com.br\/es\/wp-json\/wp\/v2\/pages\/670\/revisions\/675"}],"wp:attachment":[{"href":"https:\/\/gramposfera.com.br\/es\/wp-json\/wp\/v2\/media?parent=670"}],"curies":[{"name":"wp","href":"https:\/\/api.w.org\/{rel}","templated":true}]}}