{"id":14,"date":"2022-11-04T22:16:09","date_gmt":"2022-11-04T22:16:09","guid":{"rendered":"http:\/\/gramposfera.com.br\/?page_id=14"},"modified":"2023-12-21T22:54:20","modified_gmt":"2023-12-21T22:54:20","slug":"contato","status":"publish","type":"page","link":"https:\/\/gramposfera.com.br\/es\/contacto\/","title":{"rendered":"Contacto"},"content":{"rendered":"<div data-elementor-type=\"wp-page\" data-elementor-id=\"14\" class=\"elementor elementor-14\" data-elementor-post-type=\"page\">\n\t\t\t\t\t\t<section class=\"elementor-section elementor-top-section elementor-element elementor-element-cadfe67 elementor-section-content-bottom elementor-section-boxed elementor-section-height-default elementor-section-height-default\" data-id=\"cadfe67\" data-element_type=\"section\" data-e-type=\"section\" data-settings=\"{&quot;background_background&quot;:&quot;classic&quot;}\">\n\t\t\t\t\t\t<div class=\"elementor-container elementor-column-gap-default\">\n\t\t\t\t\t<div class=\"elementor-column elementor-col-50 elementor-top-column elementor-element elementor-element-a2fea4e\" data-id=\"a2fea4e\" data-element_type=\"column\" data-e-type=\"column\">\n\t\t\t<div class=\"elementor-widget-wrap elementor-element-populated\">\n\t\t\t\t\t\t<div class=\"elementor-element elementor-element-b9e3efa elementor-widget elementor-widget-theme-post-title elementor-page-title elementor-widget-heading\" data-id=\"b9e3efa\" data-element_type=\"widget\" data-e-type=\"widget\" data-widget_type=\"theme-post-title.default\">\n\t\t\t\t<div class=\"elementor-widget-container\">\n\t\t\t\t\t<h1 class=\"elementor-heading-title elementor-size-default\">Contacto<\/h1>\t\t\t\t<\/div>\n\t\t\t\t<\/div>\n\t\t\t\t\t<\/div>\n\t\t<\/div>\n\t\t\t\t<div class=\"elementor-column elementor-col-50 elementor-top-column elementor-element elementor-element-3112425\" data-id=\"3112425\" data-element_type=\"column\" data-e-type=\"column\">\n\t\t\t<div class=\"elementor-widget-wrap\">\n\t\t\t\t\t\t\t<\/div>\n\t\t<\/div>\n\t\t\t\t\t<\/div>\n\t\t<\/section>\n\t\t\t\t<section class=\"elementor-section elementor-top-section elementor-element elementor-element-32143cd elementor-section-boxed elementor-section-height-default elementor-section-height-default\" data-id=\"32143cd\" data-element_type=\"section\" data-e-type=\"section\">\n\t\t\t\t\t\t<div class=\"elementor-container elementor-column-gap-no\">\n\t\t\t\t\t<div class=\"elementor-column elementor-col-50 elementor-top-column elementor-element elementor-element-767ac19\" data-id=\"767ac19\" data-element_type=\"column\" data-e-type=\"column\">\n\t\t\t<div class=\"elementor-widget-wrap elementor-element-populated\">\n\t\t\t\t\t\t<div class=\"elementor-element elementor-element-2caa72d elementor-widget elementor-widget-heading\" data-id=\"2caa72d\" data-element_type=\"widget\" data-e-type=\"widget\" data-widget_type=\"heading.default\">\n\t\t\t\t<div class=\"elementor-widget-container\">\n\t\t\t\t\t<h2 class=\"elementor-heading-title elementor-size-default\">Hable con nosotros<\/h2>\t\t\t\t<\/div>\n\t\t\t\t<\/div>\n\t\t\t\t<div class=\"elementor-element elementor-element-b2a313d elementor-widget elementor-widget-text-editor\" data-id=\"b2a313d\" data-element_type=\"widget\" data-e-type=\"widget\" data-widget_type=\"text-editor.default\">\n\t\t\t\t<div class=\"elementor-widget-container\">\n\t\t\t\t\t\t\t\t\t<p>Rellena el formulario y nos pondremos en contacto contigo.<\/p><p>Si lo prefieres, contacta con nosotros a trav\u00e9s de los canales de atenci\u00f3n:<\/p><p><strong><span style=\"color: #000000;\"><a style=\"color: #000000;\" href=\"mailto:vendas@gramposfera.com.br\">vendas@gramposfera.com.br<\/a><\/span><\/strong><\/p>\t\t\t\t\t\t\t\t<\/div>\n\t\t\t\t<\/div>\n\t\t\t\t<div class=\"elementor-element elementor-element-62ecdb7 elementor-widget elementor-widget-text-editor\" data-id=\"62ecdb7\" data-element_type=\"widget\" data-e-type=\"widget\" data-widget_type=\"text-editor.default\">\n\t\t\t\t<div class=\"elementor-widget-container\">\n\t\t\t\t\t\t\t\t\t<p><span style=\"color: var( --e-global-color-af749b6 );\">(48) 99963-3276<\/span><\/p><p>(48) 3046-4662<\/p>\t\t\t\t\t\t\t\t<\/div>\n\t\t\t\t<\/div>\n\t\t\t\t<div class=\"elementor-element elementor-element-22f8ef6 elementor-button-align-end elementor-widget elementor-widget-form\" data-id=\"22f8ef6\" data-element_type=\"widget\" data-e-type=\"widget\" data-settings=\"{&quot;step_next_label&quot;:&quot;Next&quot;,&quot;step_previous_label&quot;:&quot;Previous&quot;,&quot;button_width&quot;:&quot;100&quot;,&quot;step_type&quot;:&quot;number_text&quot;,&quot;step_icon_shape&quot;:&quot;circle&quot;}\" data-widget_type=\"form.default\">\n\t\t\t\t<div class=\"elementor-widget-container\">\n\t\t\t\t\t\t\t<form class=\"elementor-form\" method=\"post\" name=\"New Form\" aria-label=\"New Form\" action=\"\">\n\t\t\t<input type=\"hidden\" name=\"post_id\" value=\"14\"\/>\n\t\t\t<input type=\"hidden\" name=\"form_id\" value=\"22f8ef6\"\/>\n\t\t\t<input type=\"hidden\" name=\"referer_title\" value=\"Contato - Grampos Fera\" \/>\n\n\t\t\t\t\t\t\t<input type=\"hidden\" name=\"queried_id\" value=\"14\"\/>\n\t\t\t\n\t\t\t<div class=\"elementor-form-fields-wrapper elementor-labels-above\">\n\t\t\t\t\t\t\t\t<div class=\"elementor-field-type-text elementor-field-group elementor-column elementor-field-group-nome elementor-col-50\">\n\t\t\t\t\t\t\t\t\t\t\t\t\t<input size=\"1\" type=\"text\" name=\"form_fields[nome]\" id=\"form-field-nome\" class=\"elementor-field elementor-size-sm  elementor-field-textual\" placeholder=\"Nombre\">\n\t\t\t\t\t\t\t\t\t\t\t<\/div>\n\t\t\t\t\t\t\t\t<div class=\"elementor-field-type-text elementor-field-group elementor-column elementor-field-group-telefone elementor-col-50\">\n\t\t\t\t\t\t\t\t\t\t\t\t\t<input size=\"1\" type=\"text\" name=\"form_fields[telefone]\" id=\"form-field-telefone\" class=\"elementor-field elementor-size-sm  elementor-field-textual\" placeholder=\"Tel\u00e9fono\">\n\t\t\t\t\t\t\t\t\t\t\t<\/div>\n\t\t\t\t\t\t\t\t<div class=\"elementor-field-type-email elementor-field-group elementor-column elementor-field-group-email elementor-col-100 elementor-field-required\">\n\t\t\t\t\t\t\t\t\t\t\t\t\t<input size=\"1\" type=\"email\" name=\"form_fields[email]\" id=\"form-field-email\" class=\"elementor-field elementor-size-sm  elementor-field-textual\" placeholder=\"Correo electr\u00f3nico\" required=\"required\">\n\t\t\t\t\t\t\t\t\t\t\t<\/div>\n\t\t\t\t\t\t\t\t<div class=\"elementor-field-type-textarea elementor-field-group elementor-column elementor-field-group-field_dd5e151 elementor-col-100\">\n\t\t\t\t\t\t\t\t\t\t\t\t<label for=\"form-field-field_dd5e151\" class=\"elementor-field-label\">\n\t\t\t\t\t\t\t\tSujeto\t\t\t\t\t\t\t<\/label>\n\t\t\t\t\t\t<textarea class=\"elementor-field-textual elementor-field  elementor-size-sm\" name=\"form_fields[field_dd5e151]\" id=\"form-field-field_dd5e151\" rows=\"3\" placeholder=\"Sujeto\"><\/textarea>\t\t\t\t<\/div>\n\t\t\t\t\t\t\t\t<div class=\"elementor-field-group elementor-column elementor-field-type-submit elementor-col-100 e-form__buttons\">\n\t\t\t\t\t<button class=\"elementor-button elementor-size-sm\" type=\"submit\">\n\t\t\t\t\t\t<span class=\"elementor-button-content-wrapper\">\n\t\t\t\t\t\t\t\t\t\t\t\t\t\t\t\t\t\t\t\t\t\t<span class=\"elementor-button-text\">Mandar<\/span>\n\t\t\t\t\t\t\t\t\t\t\t\t\t<\/span>\n\t\t\t\t\t<\/button>\n\t\t\t\t<\/div>\n\t\t\t<\/div>\n\t\t<input type=\"hidden\" name=\"trp-form-language\" value=\"es\"\/><\/form>\n\t\t\t\t\t\t<\/div>\n\t\t\t\t<\/div>\n\t\t\t\t\t<\/div>\n\t\t<\/div>\n\t\t\t\t<div class=\"elementor-column elementor-col-50 elementor-top-column elementor-element elementor-element-be8c264\" data-id=\"be8c264\" data-element_type=\"column\" data-e-type=\"column\">\n\t\t\t<div class=\"elementor-widget-wrap elementor-element-populated\">\n\t\t\t\t\t\t<div class=\"elementor-element elementor-element-bbec8d7 elementor-widget elementor-widget-image\" data-id=\"bbec8d7\" data-element_type=\"widget\" data-e-type=\"widget\" data-widget_type=\"image.default\">\n\t\t\t\t<div class=\"elementor-widget-container\">\n\t\t\t\t\t\t\t\t\t\t\t\t\t\t\t<img fetchpriority=\"high\" decoding=\"async\" width=\"1600\" height=\"1200\" src=\"https:\/\/gramposfera.com.br\/wp-content\/uploads\/2023\/08\/grampos-fera-fachada.jpg\" class=\"attachment-full size-full wp-image-462\" alt=\"\" srcset=\"https:\/\/gramposfera.com.br\/wp-content\/uploads\/2023\/08\/grampos-fera-fachada.jpg 1600w, https:\/\/gramposfera.com.br\/wp-content\/uploads\/2023\/08\/grampos-fera-fachada-300x225.jpg 300w, https:\/\/gramposfera.com.br\/wp-content\/uploads\/2023\/08\/grampos-fera-fachada-1024x768.jpg 1024w, https:\/\/gramposfera.com.br\/wp-content\/uploads\/2023\/08\/grampos-fera-fachada-768x576.jpg 768w, https:\/\/gramposfera.com.br\/wp-content\/uploads\/2023\/08\/grampos-fera-fachada-1536x1152.jpg 1536w\" sizes=\"(max-width: 1600px) 100vw, 1600px\" \/>\t\t\t\t\t\t\t\t\t\t\t\t\t\t\t<\/div>\n\t\t\t\t<\/div>\n\t\t\t\t\t<\/div>\n\t\t<\/div>\n\t\t\t\t\t<\/div>\n\t\t<\/section>\n\t\t\t\t<section class=\"elementor-section elementor-top-section elementor-element elementor-element-cbfbc6a elementor-section-full_width elementor-section-height-default elementor-section-height-default\" data-id=\"cbfbc6a\" data-element_type=\"section\" data-e-type=\"section\">\n\t\t\t\t\t\t<div class=\"elementor-container elementor-column-gap-no\">\n\t\t\t\t\t<div class=\"elementor-column elementor-col-100 elementor-top-column elementor-element elementor-element-9b63131\" data-id=\"9b63131\" data-element_type=\"column\" data-e-type=\"column\">\n\t\t\t<div class=\"elementor-widget-wrap elementor-element-populated\">\n\t\t\t\t\t\t<div class=\"elementor-element elementor-element-3c3f7e1 elementor-widget elementor-widget-google_maps\" data-id=\"3c3f7e1\" data-element_type=\"widget\" data-e-type=\"widget\" data-widget_type=\"google_maps.default\">\n\t\t\t\t<div class=\"elementor-widget-container\">\n\t\t\t\t\t\t\t<div class=\"elementor-custom-embed\">\n\t\t\t<iframe loading=\"lazy\"\n\t\t\t\t\tsrc=\"https:\/\/maps.google.com\/maps?q=R.%20Jos%C3%A9%20Demo%2C%20359%20-%20Aurora%2C%20I%C3%A7ara%20-%20SC%2C%2088820-000&#038;t=m&#038;z=18&#038;output=embed&#038;iwloc=near\"\n\t\t\t\t\ttitle=\"R. Jos\u00e9 Demo, 359 - Aurora, I\u00e7ara - SC, 88820-000\"\n\t\t\t\t\taria-label=\"R. Jos\u00e9 Demo, 359 - Aurora, I\u00e7ara - SC, 88820-000\"\n\t\t\t><\/iframe>\n\t\t<\/div>\n\t\t\t\t\t\t<\/div>\n\t\t\t\t<\/div>\n\t\t\t\t\t<\/div>\n\t\t<\/div>\n\t\t\t\t\t<\/div>\n\t\t<\/section>\n\t\t\t\t<\/div>","protected":false},"excerpt":{"rendered":"<p>Cont\u00e1ctenos Complete el formulario y nos comunicaremos con usted. Si lo prefiere, p\u00f3ngase en contacto a trav\u00e9s de los canales de atenci\u00f3n: sales@gramposfera.com.br (48) 99963-3276 (48) 3046-4662<\/p>","protected":false},"author":2,"featured_media":0,"parent":0,"menu_order":0,"comment_status":"closed","ping_status":"closed","template":"elementor_header_footer","meta":{"footnotes":""},"class_list":["post-14","page","type-page","status-publish","hentry"],"yoast_head":"<!-- This site is optimized with the Yoast SEO plugin v27.4 - https:\/\/yoast.com\/product\/yoast-seo-wordpress\/ -->\n<title>Contato - Grampos Fera<\/title>\n<meta name=\"robots\" content=\"index, follow, max-snippet:-1, max-image-preview:large, max-video-preview:-1\" \/>\n<link rel=\"canonical\" href=\"https:\/\/gramposfera.com.br\/es\/contacto\/\" \/>\n<meta property=\"og:locale\" content=\"es_ES\" \/>\n<meta property=\"og:type\" content=\"article\" \/>\n<meta property=\"og:title\" content=\"Contato - Grampos Fera\" \/>\n<meta property=\"og:description\" content=\"Fale Conosco Preencha o formul\u00e1rio que entraremos em contato com voc\u00ea. Se preferir, entre em contato pelos canais de atendimento: vendas@gramposfera.com.br (48) 99963-3276 (48) 3046-4662\" \/>\n<meta property=\"og:url\" content=\"https:\/\/gramposfera.com.br\/es\/contacto\/\" \/>\n<meta property=\"og:site_name\" content=\"Grampos Fera\" \/>\n<meta property=\"article:modified_time\" content=\"2023-12-21T22:54:20+00:00\" \/>\n<meta property=\"og:image\" content=\"http:\/\/gramposfera.com.br\/wp-content\/uploads\/2023\/08\/grampos-fera-fachada.jpg\" \/>\n<meta name=\"twitter:card\" content=\"summary_large_image\" \/>\n<meta name=\"twitter:label1\" content=\"Tiempo de lectura\" \/>\n\t<meta name=\"twitter:data1\" content=\"1 minuto\" \/>\n<script type=\"application\/ld+json\" class=\"yoast-schema-graph\">{\"@context\":\"https:\\\/\\\/schema.org\",\"@graph\":[{\"@type\":\"WebPage\",\"@id\":\"https:\\\/\\\/gramposfera.com.br\\\/contato\\\/\",\"url\":\"https:\\\/\\\/gramposfera.com.br\\\/contato\\\/\",\"name\":\"Contato - Grampos Fera\",\"isPartOf\":{\"@id\":\"https:\\\/\\\/gramposfera.com.br\\\/#website\"},\"primaryImageOfPage\":{\"@id\":\"https:\\\/\\\/gramposfera.com.br\\\/contato\\\/#primaryimage\"},\"image\":{\"@id\":\"https:\\\/\\\/gramposfera.com.br\\\/contato\\\/#primaryimage\"},\"thumbnailUrl\":\"http:\\\/\\\/gramposfera.com.br\\\/wp-content\\\/uploads\\\/2023\\\/08\\\/grampos-fera-fachada.jpg\",\"datePublished\":\"2022-11-04T22:16:09+00:00\",\"dateModified\":\"2023-12-21T22:54:20+00:00\",\"breadcrumb\":{\"@id\":\"https:\\\/\\\/gramposfera.com.br\\\/contato\\\/#breadcrumb\"},\"inLanguage\":\"es\",\"potentialAction\":[{\"@type\":\"ReadAction\",\"target\":[\"https:\\\/\\\/gramposfera.com.br\\\/contato\\\/\"]}]},{\"@type\":\"ImageObject\",\"inLanguage\":\"es\",\"@id\":\"https:\\\/\\\/gramposfera.com.br\\\/contato\\\/#primaryimage\",\"url\":\"http:\\\/\\\/gramposfera.com.br\\\/wp-content\\\/uploads\\\/2023\\\/08\\\/grampos-fera-fachada.jpg\",\"contentUrl\":\"http:\\\/\\\/gramposfera.com.br\\\/wp-content\\\/uploads\\\/2023\\\/08\\\/grampos-fera-fachada.jpg\"},{\"@type\":\"BreadcrumbList\",\"@id\":\"https:\\\/\\\/gramposfera.com.br\\\/contato\\\/#breadcrumb\",\"itemListElement\":[{\"@type\":\"ListItem\",\"position\":1,\"name\":\"Home\",\"item\":\"https:\\\/\\\/gramposfera.com.br\\\/\"},{\"@type\":\"ListItem\",\"position\":2,\"name\":\"Contato\"}]},{\"@type\":\"WebSite\",\"@id\":\"https:\\\/\\\/gramposfera.com.br\\\/#website\",\"url\":\"https:\\\/\\\/gramposfera.com.br\\\/\",\"name\":\"Grampos Fera\",\"description\":\"Grampos Fera: 30 anos de qualidade em grampos industriais com pronta entrega e tecnologia de ponta.\",\"publisher\":{\"@id\":\"https:\\\/\\\/gramposfera.com.br\\\/#organization\"},\"potentialAction\":[{\"@type\":\"SearchAction\",\"target\":{\"@type\":\"EntryPoint\",\"urlTemplate\":\"https:\\\/\\\/gramposfera.com.br\\\/?s={search_term_string}\"},\"query-input\":{\"@type\":\"PropertyValueSpecification\",\"valueRequired\":true,\"valueName\":\"search_term_string\"}}],\"inLanguage\":\"es\"},{\"@type\":\"Organization\",\"@id\":\"https:\\\/\\\/gramposfera.com.br\\\/#organization\",\"name\":\"Grampos Fera\",\"url\":\"https:\\\/\\\/gramposfera.com.br\\\/\",\"logo\":{\"@type\":\"ImageObject\",\"inLanguage\":\"es\",\"@id\":\"https:\\\/\\\/gramposfera.com.br\\\/#\\\/schema\\\/logo\\\/image\\\/\",\"url\":\"https:\\\/\\\/gramposfera.com.br\\\/wp-content\\\/uploads\\\/2022\\\/11\\\/logo-grampos.webp\",\"contentUrl\":\"https:\\\/\\\/gramposfera.com.br\\\/wp-content\\\/uploads\\\/2022\\\/11\\\/logo-grampos.webp\",\"width\":99,\"height\":70,\"caption\":\"Grampos Fera\"},\"image\":{\"@id\":\"https:\\\/\\\/gramposfera.com.br\\\/#\\\/schema\\\/logo\\\/image\\\/\"}}]}<\/script>\n<!-- \/ Yoast SEO plugin. -->","yoast_head_json":{"title":"Contato - Grampos Fera","robots":{"index":"index","follow":"follow","max-snippet":"max-snippet:-1","max-image-preview":"max-image-preview:large","max-video-preview":"max-video-preview:-1"},"canonical":"https:\/\/gramposfera.com.br\/es\/contacto\/","og_locale":"es_ES","og_type":"article","og_title":"Contato - Grampos Fera","og_description":"Fale Conosco Preencha o formul\u00e1rio que entraremos em contato com voc\u00ea. Se preferir, entre em contato pelos canais de atendimento: vendas@gramposfera.com.br (48) 99963-3276 (48) 3046-4662","og_url":"https:\/\/gramposfera.com.br\/es\/contacto\/","og_site_name":"Grampos Fera","article_modified_time":"2023-12-21T22:54:20+00:00","og_image":[{"url":"http:\/\/gramposfera.com.br\/wp-content\/uploads\/2023\/08\/grampos-fera-fachada.jpg","type":"","width":"","height":""}],"twitter_card":"summary_large_image","twitter_misc":{"Tiempo de lectura":"1 minuto"},"schema":{"@context":"https:\/\/schema.org","@graph":[{"@type":"WebPage","@id":"https:\/\/gramposfera.com.br\/contato\/","url":"https:\/\/gramposfera.com.br\/contato\/","name":"Contato - Grampos Fera","isPartOf":{"@id":"https:\/\/gramposfera.com.br\/#website"},"primaryImageOfPage":{"@id":"https:\/\/gramposfera.com.br\/contato\/#primaryimage"},"image":{"@id":"https:\/\/gramposfera.com.br\/contato\/#primaryimage"},"thumbnailUrl":"http:\/\/gramposfera.com.br\/wp-content\/uploads\/2023\/08\/grampos-fera-fachada.jpg","datePublished":"2022-11-04T22:16:09+00:00","dateModified":"2023-12-21T22:54:20+00:00","breadcrumb":{"@id":"https:\/\/gramposfera.com.br\/contato\/#breadcrumb"},"inLanguage":"es","potentialAction":[{"@type":"ReadAction","target":["https:\/\/gramposfera.com.br\/contato\/"]}]},{"@type":"ImageObject","inLanguage":"es","@id":"https:\/\/gramposfera.com.br\/contato\/#primaryimage","url":"http:\/\/gramposfera.com.br\/wp-content\/uploads\/2023\/08\/grampos-fera-fachada.jpg","contentUrl":"http:\/\/gramposfera.com.br\/wp-content\/uploads\/2023\/08\/grampos-fera-fachada.jpg"},{"@type":"BreadcrumbList","@id":"https:\/\/gramposfera.com.br\/contato\/#breadcrumb","itemListElement":[{"@type":"ListItem","position":1,"name":"Home","item":"https:\/\/gramposfera.com.br\/"},{"@type":"ListItem","position":2,"name":"Contato"}]},{"@type":"WebSite","@id":"https:\/\/gramposfera.com.br\/#website","url":"https:\/\/gramposfera.com.br\/","name":"Grampos Fera","description":"Grampos Fera: 30 anos de qualidade em grampos industriais com pronta entrega e tecnologia de ponta.","publisher":{"@id":"https:\/\/gramposfera.com.br\/#organization"},"potentialAction":[{"@type":"SearchAction","target":{"@type":"EntryPoint","urlTemplate":"https:\/\/gramposfera.com.br\/?s={search_term_string}"},"query-input":{"@type":"PropertyValueSpecification","valueRequired":true,"valueName":"search_term_string"}}],"inLanguage":"es"},{"@type":"Organization","@id":"https:\/\/gramposfera.com.br\/#organization","name":"Grampos Fera","url":"https:\/\/gramposfera.com.br\/","logo":{"@type":"ImageObject","inLanguage":"es","@id":"https:\/\/gramposfera.com.br\/#\/schema\/logo\/image\/","url":"https:\/\/gramposfera.com.br\/wp-content\/uploads\/2022\/11\/logo-grampos.webp","contentUrl":"https:\/\/gramposfera.com.br\/wp-content\/uploads\/2022\/11\/logo-grampos.webp","width":99,"height":70,"caption":"Grampos Fera"},"image":{"@id":"https:\/\/gramposfera.com.br\/#\/schema\/logo\/image\/"}}]}},"_links":{"self":[{"href":"https:\/\/gramposfera.com.br\/es\/wp-json\/wp\/v2\/pages\/14","targetHints":{"allow":["GET"]}}],"collection":[{"href":"https:\/\/gramposfera.com.br\/es\/wp-json\/wp\/v2\/pages"}],"about":[{"href":"https:\/\/gramposfera.com.br\/es\/wp-json\/wp\/v2\/types\/page"}],"author":[{"embeddable":true,"href":"https:\/\/gramposfera.com.br\/es\/wp-json\/wp\/v2\/users\/2"}],"replies":[{"embeddable":true,"href":"https:\/\/gramposfera.com.br\/es\/wp-json\/wp\/v2\/comments?post=14"}],"version-history":[{"count":44,"href":"https:\/\/gramposfera.com.br\/es\/wp-json\/wp\/v2\/pages\/14\/revisions"}],"predecessor-version":[{"id":549,"href":"https:\/\/gramposfera.com.br\/es\/wp-json\/wp\/v2\/pages\/14\/revisions\/549"}],"wp:attachment":[{"href":"https:\/\/gramposfera.com.br\/es\/wp-json\/wp\/v2\/media?parent=14"}],"curies":[{"name":"wp","href":"https:\/\/api.w.org\/{rel}","templated":true}]}}