{"id":11,"date":"2022-11-04T22:14:47","date_gmt":"2022-11-04T22:14:47","guid":{"rendered":"http:\/\/gramposfera.com.br\/?page_id=11"},"modified":"2024-07-09T15:26:12","modified_gmt":"2024-07-09T15:26:12","slug":"sobre","status":"publish","type":"page","link":"https:\/\/gramposfera.com.br\/es\/acerca-de\/","title":{"rendered":"Acerca de"},"content":{"rendered":"<div data-elementor-type=\"wp-page\" data-elementor-id=\"11\" class=\"elementor elementor-11\" data-elementor-post-type=\"page\">\n\t\t\t\t\t\t<section class=\"elementor-section elementor-top-section elementor-element elementor-element-1534b27 elementor-section-content-bottom elementor-section-boxed elementor-section-height-default elementor-section-height-default\" data-id=\"1534b27\" data-element_type=\"section\" data-e-type=\"section\" data-settings=\"{&quot;background_background&quot;:&quot;classic&quot;}\">\n\t\t\t\t\t\t<div class=\"elementor-container elementor-column-gap-default\">\n\t\t\t\t\t<div class=\"elementor-column elementor-col-50 elementor-top-column elementor-element elementor-element-74e4e42\" data-id=\"74e4e42\" data-element_type=\"column\" data-e-type=\"column\">\n\t\t\t<div class=\"elementor-widget-wrap elementor-element-populated\">\n\t\t\t\t\t\t<div class=\"elementor-element elementor-element-afeaf59 elementor-widget elementor-widget-theme-post-title elementor-page-title elementor-widget-heading\" data-id=\"afeaf59\" data-element_type=\"widget\" data-e-type=\"widget\" data-widget_type=\"theme-post-title.default\">\n\t\t\t\t<div class=\"elementor-widget-container\">\n\t\t\t\t\t<h1 class=\"elementor-heading-title elementor-size-default\">Acerca de<\/h1>\t\t\t\t<\/div>\n\t\t\t\t<\/div>\n\t\t\t\t\t<\/div>\n\t\t<\/div>\n\t\t\t\t<div class=\"elementor-column elementor-col-50 elementor-top-column elementor-element elementor-element-cc71fc2\" data-id=\"cc71fc2\" data-element_type=\"column\" data-e-type=\"column\">\n\t\t\t<div class=\"elementor-widget-wrap elementor-element-populated\">\n\t\t\t\t\t\t<div class=\"elementor-element elementor-element-820207c elementor-widget elementor-widget-jet-breadcrumbs\" data-id=\"820207c\" data-element_type=\"widget\" data-e-type=\"widget\" data-widget_type=\"jet-breadcrumbs.default\">\n\t\t\t\t<div class=\"elementor-widget-container\">\n\t\t\t\t\t<div class=\"elementor-jet-breadcrumbs jet-blocks\">\n\t\t<div class=\"jet-breadcrumbs\">\n\t\t<div class=\"jet-breadcrumbs__content\">\n\t\t\t<div class=\"jet-breadcrumbs__browse\">Tu est\u00e1s aqu\u00ed:<\/div> \n\t\t<div class=\"jet-breadcrumbs__wrap\"><div class=\"jet-breadcrumbs__item\"><a href=\"https:\/\/gramposfera.com.br\/es\/\" class=\"jet-breadcrumbs__item-link is-home\" rel=\"home\" title=\"Home\">Home<\/a><\/div>\n\t\t<\/div>\n\t\t<\/div>\n\t\t<\/div><\/div>\t\t\t\t<\/div>\n\t\t\t\t<\/div>\n\t\t\t\t\t<\/div>\n\t\t<\/div>\n\t\t\t\t\t<\/div>\n\t\t<\/section>\n\t\t\t\t<section class=\"elementor-section elementor-top-section elementor-element elementor-element-f790d08 elementor-section-boxed elementor-section-height-default elementor-section-height-default\" data-id=\"f790d08\" data-element_type=\"section\" data-e-type=\"section\">\n\t\t\t\t\t\t<div class=\"elementor-container elementor-column-gap-default\">\n\t\t\t\t\t<div class=\"elementor-column elementor-col-100 elementor-top-column elementor-element elementor-element-d6ea0e6\" data-id=\"d6ea0e6\" data-element_type=\"column\" data-e-type=\"column\">\n\t\t\t<div class=\"elementor-widget-wrap elementor-element-populated\">\n\t\t\t\t\t\t<div class=\"elementor-element elementor-element-1b2bc3b elementor-widget elementor-widget-spacer\" data-id=\"1b2bc3b\" data-element_type=\"widget\" data-e-type=\"widget\" data-widget_type=\"spacer.default\">\n\t\t\t\t<div class=\"elementor-widget-container\">\n\t\t\t\t\t\t\t<div class=\"elementor-spacer\">\n\t\t\t<div class=\"elementor-spacer-inner\"><\/div>\n\t\t<\/div>\n\t\t\t\t\t\t<\/div>\n\t\t\t\t<\/div>\n\t\t\t\t\t<\/div>\n\t\t<\/div>\n\t\t\t\t\t<\/div>\n\t\t<\/section>\n\t\t\t\t<section class=\"elementor-section elementor-top-section elementor-element elementor-element-22dc5d5 elementor-section-boxed elementor-section-height-default elementor-section-height-default\" data-id=\"22dc5d5\" data-element_type=\"section\" data-e-type=\"section\">\n\t\t\t\t\t\t<div class=\"elementor-container elementor-column-gap-default\">\n\t\t\t\t\t<div class=\"elementor-column elementor-col-50 elementor-top-column elementor-element elementor-element-213c941\" data-id=\"213c941\" data-element_type=\"column\" data-e-type=\"column\">\n\t\t\t<div class=\"elementor-widget-wrap elementor-element-populated\">\n\t\t\t\t\t\t<div class=\"elementor-element elementor-element-e2cf867 elementor-widget elementor-widget-text-editor\" data-id=\"e2cf867\" data-element_type=\"widget\" data-e-type=\"widget\" data-widget_type=\"text-editor.default\">\n\t\t\t\t<div class=\"elementor-widget-container\">\n\t\t\t\t\t\t\t\t\t<h2><b>SOBRE NOSOTROS<\/b>\u00a0<\/h2><p>La empresa Grampos Fera comenz\u00f3 sus operaciones como proveedora de servicios para las industrias mineras de carb\u00f3n en Santa Catarina, donde percibi\u00f3 el gran potencial del sector, especialmente por la falta de un proveedor local. Comenz\u00f3 con solo un art\u00edculo en su cartera, pero al presentarlo en ferias en los estados de S\u00e3o Paulo, Minas Gerais y Paran\u00e1, identific\u00f3 una gran oportunidad de expansi\u00f3n. Hubo una gran demanda de grapas que no formaban parte de su l\u00ednea de producci\u00f3n.<\/p><p>Ante esto, Grampos Fera invirti\u00f3 en nuevas tecnolog\u00edas, como matrices y troqueles mecanizados con equipos de electroerosi\u00f3n y electrofio, adem\u00e1s de prensas modernas. Esto le permiti\u00f3 ofrecer al mercado productos similares a los importados y adecuados a los est\u00e1ndares de las industrias nacionales, adem\u00e1s de servicios postventa y equipos para la instalaci\u00f3n de grapas.<\/p><p>Hoy, despu\u00e9s de 30 a\u00f1os de historia, Grampos Fera tiene una l\u00ednea diversificada que atiende a los segmentos de las industrias mineras, alimentarias, farmac\u00e9uticas, madereras, entre otras, y mantiene un stock para entrega inmediata.<\/p>\t\t\t\t\t\t\t\t<\/div>\n\t\t\t\t<\/div>\n\t\t\t\t\t<\/div>\n\t\t<\/div>\n\t\t\t\t<div class=\"elementor-column elementor-col-50 elementor-top-column elementor-element elementor-element-ea71b2b\" data-id=\"ea71b2b\" data-element_type=\"column\" data-e-type=\"column\">\n\t\t\t<div class=\"elementor-widget-wrap elementor-element-populated\">\n\t\t\t\t\t\t<div class=\"elementor-element elementor-element-9c85971 elementor-widget elementor-widget-image\" data-id=\"9c85971\" data-element_type=\"widget\" data-e-type=\"widget\" data-widget_type=\"image.default\">\n\t\t\t\t<div class=\"elementor-widget-container\">\n\t\t\t\t\t\t\t\t\t\t\t\t\t\t\t<img fetchpriority=\"high\" decoding=\"async\" width=\"1600\" height=\"1200\" src=\"https:\/\/gramposfera.com.br\/wp-content\/uploads\/2023\/08\/grampos-fera-fachada.jpg\" class=\"attachment-full size-full wp-image-462\" alt=\"\" srcset=\"https:\/\/gramposfera.com.br\/wp-content\/uploads\/2023\/08\/grampos-fera-fachada.jpg 1600w, https:\/\/gramposfera.com.br\/wp-content\/uploads\/2023\/08\/grampos-fera-fachada-300x225.jpg 300w, https:\/\/gramposfera.com.br\/wp-content\/uploads\/2023\/08\/grampos-fera-fachada-1024x768.jpg 1024w, https:\/\/gramposfera.com.br\/wp-content\/uploads\/2023\/08\/grampos-fera-fachada-768x576.jpg 768w, https:\/\/gramposfera.com.br\/wp-content\/uploads\/2023\/08\/grampos-fera-fachada-1536x1152.jpg 1536w\" sizes=\"(max-width: 1600px) 100vw, 1600px\" \/>\t\t\t\t\t\t\t\t\t\t\t\t\t\t\t<\/div>\n\t\t\t\t<\/div>\n\t\t\t\t\t<\/div>\n\t\t<\/div>\n\t\t\t\t\t<\/div>\n\t\t<\/section>\n\t\t\t\t<section class=\"elementor-section elementor-top-section elementor-element elementor-element-e5849f4 elementor-section-boxed elementor-section-height-default elementor-section-height-default\" data-id=\"e5849f4\" data-element_type=\"section\" data-e-type=\"section\">\n\t\t\t\t\t\t<div class=\"elementor-container elementor-column-gap-default\">\n\t\t\t\t\t<div class=\"elementor-column elementor-col-100 elementor-top-column elementor-element elementor-element-e0c8c52\" data-id=\"e0c8c52\" data-element_type=\"column\" data-e-type=\"column\">\n\t\t\t<div class=\"elementor-widget-wrap elementor-element-populated\">\n\t\t\t\t\t\t<div class=\"elementor-element elementor-element-589d92d elementor-widget elementor-widget-spacer\" data-id=\"589d92d\" data-element_type=\"widget\" data-e-type=\"widget\" data-widget_type=\"spacer.default\">\n\t\t\t\t<div class=\"elementor-widget-container\">\n\t\t\t\t\t\t\t<div class=\"elementor-spacer\">\n\t\t\t<div class=\"elementor-spacer-inner\"><\/div>\n\t\t<\/div>\n\t\t\t\t\t\t<\/div>\n\t\t\t\t<\/div>\n\t\t\t\t\t<\/div>\n\t\t<\/div>\n\t\t\t\t\t<\/div>\n\t\t<\/section>\n\t\t\t\t<section class=\"elementor-section elementor-top-section elementor-element elementor-element-9dd43a9 elementor-section-full_width elementor-section-height-default elementor-section-height-default\" data-id=\"9dd43a9\" data-element_type=\"section\" data-e-type=\"section\" data-settings=\"{&quot;background_background&quot;:&quot;classic&quot;}\">\n\t\t\t\t\t\t<div class=\"elementor-container elementor-column-gap-no\">\n\t\t\t\t\t<div class=\"elementor-column elementor-col-50 elementor-top-column elementor-element elementor-element-58beb2d\" data-id=\"58beb2d\" data-element_type=\"column\" data-e-type=\"column\" data-settings=\"{&quot;background_background&quot;:&quot;classic&quot;}\">\n\t\t\t<div class=\"elementor-widget-wrap elementor-element-populated\">\n\t\t\t\t\t\t<div class=\"elementor-element elementor-element-69f573f elementor-widget elementor-widget-heading\" data-id=\"69f573f\" data-element_type=\"widget\" data-e-type=\"widget\" data-widget_type=\"heading.default\">\n\t\t\t\t<div class=\"elementor-widget-container\">\n\t\t\t\t\t<h2 class=\"elementor-heading-title elementor-size-default\">\nNuestra l\u00ednea de PRODUCTOS<\/h2>\t\t\t\t<\/div>\n\t\t\t\t<\/div>\n\t\t\t\t\t<\/div>\n\t\t<\/div>\n\t\t\t\t<div class=\"elementor-column elementor-col-50 elementor-top-column elementor-element elementor-element-02fd878\" data-id=\"02fd878\" data-element_type=\"column\" data-e-type=\"column\">\n\t\t\t<div class=\"elementor-widget-wrap elementor-element-populated\">\n\t\t\t\t\t\t<div class=\"elementor-element elementor-element-2822186 elementor-widget elementor-widget-text-editor\" data-id=\"2822186\" data-element_type=\"widget\" data-e-type=\"widget\" data-widget_type=\"text-editor.default\">\n\t\t\t\t<div class=\"elementor-widget-container\">\n\t\t\t\t\t\t\t\t\t<ul><li>Grapas para empalmar cintas transportadoras para miner\u00eda;<\/li><li>Grapas para empalmar cintas transportadoras de alimentos;<\/li><li>Grapas para empalmar bandas transportadoras de madera;<\/li><li>Grapas para empalmar correas de PVC<\/li><li>Grapas para empalmar bandas laminadas.<\/li><li>Grapas para cintas de sanitarias;<\/li><li>Equipos para empalmar fajas transportadoras;<\/li><li>Equipos para aplicar Grapas para empalmar cintas transportadoras;<\/li><li>Grapas Fera similar a la Grapas Farpa y a la Grapas de placa s\u00f3lida<\/li><li>Grapas  Fera similar a la Grapas Alligator-RS \u2013 Goro MR;\u00a0<\/li><\/ul>\t\t\t\t\t\t\t\t<\/div>\n\t\t\t\t<\/div>\n\t\t\t\t\t<\/div>\n\t\t<\/div>\n\t\t\t\t\t<\/div>\n\t\t<\/section>\n\t\t\t\t<section class=\"elementor-section elementor-top-section elementor-element elementor-element-7c132e1 elementor-section-boxed elementor-section-height-default elementor-section-height-default\" data-id=\"7c132e1\" data-element_type=\"section\" data-e-type=\"section\">\n\t\t\t\t\t\t<div class=\"elementor-container elementor-column-gap-default\">\n\t\t\t\t\t<div class=\"elementor-column elementor-col-100 elementor-top-column elementor-element elementor-element-4a32f03\" data-id=\"4a32f03\" data-element_type=\"column\" data-e-type=\"column\">\n\t\t\t<div class=\"elementor-widget-wrap elementor-element-populated\">\n\t\t\t\t\t\t<div class=\"elementor-element elementor-element-01ef84a elementor-widget elementor-widget-spacer\" data-id=\"01ef84a\" data-element_type=\"widget\" data-e-type=\"widget\" data-widget_type=\"spacer.default\">\n\t\t\t\t<div class=\"elementor-widget-container\">\n\t\t\t\t\t\t\t<div class=\"elementor-spacer\">\n\t\t\t<div class=\"elementor-spacer-inner\"><\/div>\n\t\t<\/div>\n\t\t\t\t\t\t<\/div>\n\t\t\t\t<\/div>\n\t\t\t\t\t<\/div>\n\t\t<\/div>\n\t\t\t\t\t<\/div>\n\t\t<\/section>\n\t\t\t\t<section class=\"elementor-section elementor-top-section elementor-element elementor-element-0066bf5 elementor-section-boxed elementor-section-height-default elementor-section-height-default\" data-id=\"0066bf5\" data-element_type=\"section\" data-e-type=\"section\">\n\t\t\t\t\t\t<div class=\"elementor-container elementor-column-gap-default\">\n\t\t\t\t\t<div class=\"elementor-column elementor-col-33 elementor-top-column elementor-element elementor-element-22eb391\" data-id=\"22eb391\" data-element_type=\"column\" data-e-type=\"column\">\n\t\t\t<div class=\"elementor-widget-wrap elementor-element-populated\">\n\t\t\t\t\t\t<div class=\"elementor-element elementor-element-7e72f2e elementor-widget elementor-widget-image\" data-id=\"7e72f2e\" data-element_type=\"widget\" data-e-type=\"widget\" data-widget_type=\"image.default\">\n\t\t\t\t<div class=\"elementor-widget-container\">\n\t\t\t\t\t\t\t\t\t\t\t\t\t\t\t<img decoding=\"async\" width=\"337\" height=\"328\" src=\"https:\/\/gramposfera.com.br\/wp-content\/uploads\/2022\/11\/f85193_1ad7fd234a6a46a580698e99e5541747_mv2.webp\" class=\"attachment-large size-large wp-image-256\" alt=\"\" srcset=\"https:\/\/gramposfera.com.br\/wp-content\/uploads\/2022\/11\/f85193_1ad7fd234a6a46a580698e99e5541747_mv2.webp 337w, https:\/\/gramposfera.com.br\/wp-content\/uploads\/2022\/11\/f85193_1ad7fd234a6a46a580698e99e5541747_mv2-300x292.webp 300w\" sizes=\"(max-width: 337px) 100vw, 337px\" \/>\t\t\t\t\t\t\t\t\t\t\t\t\t\t\t<\/div>\n\t\t\t\t<\/div>\n\t\t\t\t\t<\/div>\n\t\t<\/div>\n\t\t\t\t<div class=\"elementor-column elementor-col-33 elementor-top-column elementor-element elementor-element-9a3dd65\" data-id=\"9a3dd65\" data-element_type=\"column\" data-e-type=\"column\">\n\t\t\t<div class=\"elementor-widget-wrap elementor-element-populated\">\n\t\t\t\t\t\t<div class=\"elementor-element elementor-element-accba93 elementor-widget elementor-widget-image\" data-id=\"accba93\" data-element_type=\"widget\" data-e-type=\"widget\" data-widget_type=\"image.default\">\n\t\t\t\t<div class=\"elementor-widget-container\">\n\t\t\t\t\t\t\t\t\t\t\t\t\t\t\t<img decoding=\"async\" width=\"800\" height=\"600\" src=\"https:\/\/gramposfera.com.br\/wp-content\/uploads\/2023\/08\/grampos-fera-fachada-1024x768.jpg\" class=\"attachment-large size-large wp-image-462\" alt=\"\" srcset=\"https:\/\/gramposfera.com.br\/wp-content\/uploads\/2023\/08\/grampos-fera-fachada-1024x768.jpg 1024w, https:\/\/gramposfera.com.br\/wp-content\/uploads\/2023\/08\/grampos-fera-fachada-300x225.jpg 300w, https:\/\/gramposfera.com.br\/wp-content\/uploads\/2023\/08\/grampos-fera-fachada-768x576.jpg 768w, https:\/\/gramposfera.com.br\/wp-content\/uploads\/2023\/08\/grampos-fera-fachada-1536x1152.jpg 1536w, https:\/\/gramposfera.com.br\/wp-content\/uploads\/2023\/08\/grampos-fera-fachada.jpg 1600w\" sizes=\"(max-width: 800px) 100vw, 800px\" \/>\t\t\t\t\t\t\t\t\t\t\t\t\t\t\t<\/div>\n\t\t\t\t<\/div>\n\t\t\t\t\t<\/div>\n\t\t<\/div>\n\t\t\t\t<div class=\"elementor-column elementor-col-33 elementor-top-column elementor-element elementor-element-09b29a3\" data-id=\"09b29a3\" data-element_type=\"column\" data-e-type=\"column\">\n\t\t\t<div class=\"elementor-widget-wrap elementor-element-populated\">\n\t\t\t\t\t\t<div class=\"elementor-element elementor-element-221a845 elementor-widget elementor-widget-image\" data-id=\"221a845\" data-element_type=\"widget\" data-e-type=\"widget\" data-widget_type=\"image.default\">\n\t\t\t\t<div class=\"elementor-widget-container\">\n\t\t\t\t\t\t\t\t\t\t\t\t\t\t\t<img loading=\"lazy\" decoding=\"async\" width=\"337\" height=\"328\" src=\"https:\/\/gramposfera.com.br\/wp-content\/uploads\/2022\/11\/f85193_ef6749dfd7114bf48513804239fd475d_mv2.webp\" class=\"attachment-large size-large wp-image-254\" alt=\"\" srcset=\"https:\/\/gramposfera.com.br\/wp-content\/uploads\/2022\/11\/f85193_ef6749dfd7114bf48513804239fd475d_mv2.webp 337w, https:\/\/gramposfera.com.br\/wp-content\/uploads\/2022\/11\/f85193_ef6749dfd7114bf48513804239fd475d_mv2-300x292.webp 300w\" sizes=\"(max-width: 337px) 100vw, 337px\" \/>\t\t\t\t\t\t\t\t\t\t\t\t\t\t\t<\/div>\n\t\t\t\t<\/div>\n\t\t\t\t\t<\/div>\n\t\t<\/div>\n\t\t\t\t\t<\/div>\n\t\t<\/section>\n\t\t\t\t<section class=\"elementor-section elementor-top-section elementor-element elementor-element-ece514c elementor-section-boxed elementor-section-height-default elementor-section-height-default\" data-id=\"ece514c\" data-element_type=\"section\" data-e-type=\"section\">\n\t\t\t\t\t\t<div class=\"elementor-container elementor-column-gap-default\">\n\t\t\t\t\t<div class=\"elementor-column elementor-col-100 elementor-top-column elementor-element elementor-element-3da4615\" data-id=\"3da4615\" data-element_type=\"column\" data-e-type=\"column\">\n\t\t\t<div class=\"elementor-widget-wrap elementor-element-populated\">\n\t\t\t\t\t\t<div class=\"elementor-element elementor-element-658590f elementor-widget elementor-widget-spacer\" data-id=\"658590f\" data-element_type=\"widget\" data-e-type=\"widget\" data-widget_type=\"spacer.default\">\n\t\t\t\t<div class=\"elementor-widget-container\">\n\t\t\t\t\t\t\t<div class=\"elementor-spacer\">\n\t\t\t<div class=\"elementor-spacer-inner\"><\/div>\n\t\t<\/div>\n\t\t\t\t\t\t<\/div>\n\t\t\t\t<\/div>\n\t\t\t\t\t<\/div>\n\t\t<\/div>\n\t\t\t\t\t<\/div>\n\t\t<\/section>\n\t\t\t\t<\/div>","protected":false},"excerpt":{"rendered":"<p>Voc\u00ea est\u00e1 aqui: Home SOBRE N\u00d3S\u00a0 A Grampos Fera iniciou suas atividades como prestadora de servi\u00e7os para as ind\u00fastrias mineradoras de carv\u00e3o de Santa Catarina, onde percebeu o grande potencial do setor, especialmente pela aus\u00eancia de um fornecedor local. Come\u00e7ou com apenas um item em seu portf\u00f3lio, mas ao apresent\u00e1-lo em feiras nos estados de [&hellip;]<\/p>","protected":false},"author":2,"featured_media":0,"parent":0,"menu_order":0,"comment_status":"closed","ping_status":"closed","template":"elementor_header_footer","meta":{"footnotes":""},"class_list":["post-11","page","type-page","status-publish","hentry"],"yoast_head":"<!-- This site is optimized with the Yoast SEO plugin v27.4 - https:\/\/yoast.com\/product\/yoast-seo-wordpress\/ -->\n<title>Sobre - Grampos Fera<\/title>\n<meta name=\"robots\" content=\"index, follow, max-snippet:-1, max-image-preview:large, max-video-preview:-1\" \/>\n<link rel=\"canonical\" href=\"https:\/\/gramposfera.com.br\/es\/acerca-de\/\" \/>\n<meta property=\"og:locale\" content=\"es_ES\" \/>\n<meta property=\"og:type\" content=\"article\" \/>\n<meta property=\"og:title\" content=\"Sobre - Grampos Fera\" \/>\n<meta property=\"og:description\" content=\"Voc\u00ea est\u00e1 aqui: Home SOBRE N\u00d3S\u00a0 A Grampos Fera iniciou suas atividades como prestadora de servi\u00e7os para as ind\u00fastrias mineradoras de carv\u00e3o de Santa Catarina, onde percebeu o grande potencial do setor, especialmente pela aus\u00eancia de um fornecedor local. Come\u00e7ou com apenas um item em seu portf\u00f3lio, mas ao apresent\u00e1-lo em feiras nos estados de [&hellip;]\" \/>\n<meta property=\"og:url\" content=\"https:\/\/gramposfera.com.br\/es\/acerca-de\/\" \/>\n<meta property=\"og:site_name\" content=\"Grampos Fera\" \/>\n<meta property=\"article:modified_time\" content=\"2024-07-09T15:26:12+00:00\" \/>\n<meta property=\"og:image\" content=\"https:\/\/gramposfera.com.br\/wp-content\/uploads\/2023\/08\/grampos-fera-fachada.jpg\" \/>\n<meta name=\"twitter:card\" content=\"summary_large_image\" \/>\n<meta name=\"twitter:label1\" content=\"Tiempo de lectura\" \/>\n\t<meta name=\"twitter:data1\" content=\"3 minutos\" \/>\n<script type=\"application\/ld+json\" class=\"yoast-schema-graph\">{\"@context\":\"https:\\\/\\\/schema.org\",\"@graph\":[{\"@type\":\"WebPage\",\"@id\":\"https:\\\/\\\/gramposfera.com.br\\\/sobre\\\/\",\"url\":\"https:\\\/\\\/gramposfera.com.br\\\/sobre\\\/\",\"name\":\"Sobre - Grampos Fera\",\"isPartOf\":{\"@id\":\"https:\\\/\\\/gramposfera.com.br\\\/#website\"},\"primaryImageOfPage\":{\"@id\":\"https:\\\/\\\/gramposfera.com.br\\\/sobre\\\/#primaryimage\"},\"image\":{\"@id\":\"https:\\\/\\\/gramposfera.com.br\\\/sobre\\\/#primaryimage\"},\"thumbnailUrl\":\"https:\\\/\\\/gramposfera.com.br\\\/wp-content\\\/uploads\\\/2023\\\/08\\\/grampos-fera-fachada.jpg\",\"datePublished\":\"2022-11-04T22:14:47+00:00\",\"dateModified\":\"2024-07-09T15:26:12+00:00\",\"breadcrumb\":{\"@id\":\"https:\\\/\\\/gramposfera.com.br\\\/sobre\\\/#breadcrumb\"},\"inLanguage\":\"es\",\"potentialAction\":[{\"@type\":\"ReadAction\",\"target\":[\"https:\\\/\\\/gramposfera.com.br\\\/sobre\\\/\"]}]},{\"@type\":\"ImageObject\",\"inLanguage\":\"es\",\"@id\":\"https:\\\/\\\/gramposfera.com.br\\\/sobre\\\/#primaryimage\",\"url\":\"https:\\\/\\\/gramposfera.com.br\\\/wp-content\\\/uploads\\\/2023\\\/08\\\/grampos-fera-fachada.jpg\",\"contentUrl\":\"https:\\\/\\\/gramposfera.com.br\\\/wp-content\\\/uploads\\\/2023\\\/08\\\/grampos-fera-fachada.jpg\"},{\"@type\":\"BreadcrumbList\",\"@id\":\"https:\\\/\\\/gramposfera.com.br\\\/sobre\\\/#breadcrumb\",\"itemListElement\":[{\"@type\":\"ListItem\",\"position\":1,\"name\":\"Home\",\"item\":\"https:\\\/\\\/gramposfera.com.br\\\/\"},{\"@type\":\"ListItem\",\"position\":2,\"name\":\"Sobre\"}]},{\"@type\":\"WebSite\",\"@id\":\"https:\\\/\\\/gramposfera.com.br\\\/#website\",\"url\":\"https:\\\/\\\/gramposfera.com.br\\\/\",\"name\":\"Grampos Fera\",\"description\":\"Grampos Fera: 30 anos de qualidade em grampos industriais com pronta entrega e tecnologia de ponta.\",\"publisher\":{\"@id\":\"https:\\\/\\\/gramposfera.com.br\\\/#organization\"},\"potentialAction\":[{\"@type\":\"SearchAction\",\"target\":{\"@type\":\"EntryPoint\",\"urlTemplate\":\"https:\\\/\\\/gramposfera.com.br\\\/?s={search_term_string}\"},\"query-input\":{\"@type\":\"PropertyValueSpecification\",\"valueRequired\":true,\"valueName\":\"search_term_string\"}}],\"inLanguage\":\"es\"},{\"@type\":\"Organization\",\"@id\":\"https:\\\/\\\/gramposfera.com.br\\\/#organization\",\"name\":\"Grampos Fera\",\"url\":\"https:\\\/\\\/gramposfera.com.br\\\/\",\"logo\":{\"@type\":\"ImageObject\",\"inLanguage\":\"es\",\"@id\":\"https:\\\/\\\/gramposfera.com.br\\\/#\\\/schema\\\/logo\\\/image\\\/\",\"url\":\"https:\\\/\\\/gramposfera.com.br\\\/wp-content\\\/uploads\\\/2022\\\/11\\\/logo-grampos.webp\",\"contentUrl\":\"https:\\\/\\\/gramposfera.com.br\\\/wp-content\\\/uploads\\\/2022\\\/11\\\/logo-grampos.webp\",\"width\":99,\"height\":70,\"caption\":\"Grampos Fera\"},\"image\":{\"@id\":\"https:\\\/\\\/gramposfera.com.br\\\/#\\\/schema\\\/logo\\\/image\\\/\"}}]}<\/script>\n<!-- \/ Yoast SEO plugin. -->","yoast_head_json":{"title":"Sobre - Grampos Fera","robots":{"index":"index","follow":"follow","max-snippet":"max-snippet:-1","max-image-preview":"max-image-preview:large","max-video-preview":"max-video-preview:-1"},"canonical":"https:\/\/gramposfera.com.br\/es\/acerca-de\/","og_locale":"es_ES","og_type":"article","og_title":"Sobre - Grampos Fera","og_description":"Voc\u00ea est\u00e1 aqui: Home SOBRE N\u00d3S\u00a0 A Grampos Fera iniciou suas atividades como prestadora de servi\u00e7os para as ind\u00fastrias mineradoras de carv\u00e3o de Santa Catarina, onde percebeu o grande potencial do setor, especialmente pela aus\u00eancia de um fornecedor local. Come\u00e7ou com apenas um item em seu portf\u00f3lio, mas ao apresent\u00e1-lo em feiras nos estados de [&hellip;]","og_url":"https:\/\/gramposfera.com.br\/es\/acerca-de\/","og_site_name":"Grampos Fera","article_modified_time":"2024-07-09T15:26:12+00:00","og_image":[{"url":"https:\/\/gramposfera.com.br\/wp-content\/uploads\/2023\/08\/grampos-fera-fachada.jpg","type":"","width":"","height":""}],"twitter_card":"summary_large_image","twitter_misc":{"Tiempo de lectura":"3 minutos"},"schema":{"@context":"https:\/\/schema.org","@graph":[{"@type":"WebPage","@id":"https:\/\/gramposfera.com.br\/sobre\/","url":"https:\/\/gramposfera.com.br\/sobre\/","name":"Sobre - Grampos Fera","isPartOf":{"@id":"https:\/\/gramposfera.com.br\/#website"},"primaryImageOfPage":{"@id":"https:\/\/gramposfera.com.br\/sobre\/#primaryimage"},"image":{"@id":"https:\/\/gramposfera.com.br\/sobre\/#primaryimage"},"thumbnailUrl":"https:\/\/gramposfera.com.br\/wp-content\/uploads\/2023\/08\/grampos-fera-fachada.jpg","datePublished":"2022-11-04T22:14:47+00:00","dateModified":"2024-07-09T15:26:12+00:00","breadcrumb":{"@id":"https:\/\/gramposfera.com.br\/sobre\/#breadcrumb"},"inLanguage":"es","potentialAction":[{"@type":"ReadAction","target":["https:\/\/gramposfera.com.br\/sobre\/"]}]},{"@type":"ImageObject","inLanguage":"es","@id":"https:\/\/gramposfera.com.br\/sobre\/#primaryimage","url":"https:\/\/gramposfera.com.br\/wp-content\/uploads\/2023\/08\/grampos-fera-fachada.jpg","contentUrl":"https:\/\/gramposfera.com.br\/wp-content\/uploads\/2023\/08\/grampos-fera-fachada.jpg"},{"@type":"BreadcrumbList","@id":"https:\/\/gramposfera.com.br\/sobre\/#breadcrumb","itemListElement":[{"@type":"ListItem","position":1,"name":"Home","item":"https:\/\/gramposfera.com.br\/"},{"@type":"ListItem","position":2,"name":"Sobre"}]},{"@type":"WebSite","@id":"https:\/\/gramposfera.com.br\/#website","url":"https:\/\/gramposfera.com.br\/","name":"Grampos Fera","description":"Grampos Fera: 30 anos de qualidade em grampos industriais com pronta entrega e tecnologia de ponta.","publisher":{"@id":"https:\/\/gramposfera.com.br\/#organization"},"potentialAction":[{"@type":"SearchAction","target":{"@type":"EntryPoint","urlTemplate":"https:\/\/gramposfera.com.br\/?s={search_term_string}"},"query-input":{"@type":"PropertyValueSpecification","valueRequired":true,"valueName":"search_term_string"}}],"inLanguage":"es"},{"@type":"Organization","@id":"https:\/\/gramposfera.com.br\/#organization","name":"Grampos Fera","url":"https:\/\/gramposfera.com.br\/","logo":{"@type":"ImageObject","inLanguage":"es","@id":"https:\/\/gramposfera.com.br\/#\/schema\/logo\/image\/","url":"https:\/\/gramposfera.com.br\/wp-content\/uploads\/2022\/11\/logo-grampos.webp","contentUrl":"https:\/\/gramposfera.com.br\/wp-content\/uploads\/2022\/11\/logo-grampos.webp","width":99,"height":70,"caption":"Grampos Fera"},"image":{"@id":"https:\/\/gramposfera.com.br\/#\/schema\/logo\/image\/"}}]}},"_links":{"self":[{"href":"https:\/\/gramposfera.com.br\/es\/wp-json\/wp\/v2\/pages\/11","targetHints":{"allow":["GET"]}}],"collection":[{"href":"https:\/\/gramposfera.com.br\/es\/wp-json\/wp\/v2\/pages"}],"about":[{"href":"https:\/\/gramposfera.com.br\/es\/wp-json\/wp\/v2\/types\/page"}],"author":[{"embeddable":true,"href":"https:\/\/gramposfera.com.br\/es\/wp-json\/wp\/v2\/users\/2"}],"replies":[{"embeddable":true,"href":"https:\/\/gramposfera.com.br\/es\/wp-json\/wp\/v2\/comments?post=11"}],"version-history":[{"count":55,"href":"https:\/\/gramposfera.com.br\/es\/wp-json\/wp\/v2\/pages\/11\/revisions"}],"predecessor-version":[{"id":631,"href":"https:\/\/gramposfera.com.br\/es\/wp-json\/wp\/v2\/pages\/11\/revisions\/631"}],"wp:attachment":[{"href":"https:\/\/gramposfera.com.br\/es\/wp-json\/wp\/v2\/media?parent=11"}],"curies":[{"name":"wp","href":"https:\/\/api.w.org\/{rel}","templated":true}]}}